{"id":67,"date":"2024-05-09T23:07:26","date_gmt":"2024-05-09T23:07:26","guid":{"rendered":"https:\/\/alinstante.com.py\/?page_id=67"},"modified":"2024-05-09T23:07:27","modified_gmt":"2024-05-09T23:07:27","slug":"contacto","status":"publish","type":"page","link":"https:\/\/alinstante.com.py\/?page_id=67","title":{"rendered":"Contacto"},"content":{"rendered":"\n<p><strong><mark style=\"background-color:rgba(0, 0, 0, 0)\" class=\"has-inline-color has-vivid-red-color\">RED UNO PARAGUAY<\/mark><\/strong><\/p>\n\n\n\n<p>Edmundo Ram\u00edrez 018 &#8211; Lambar\u00e9<\/p>\n\n\n\n<p><strong>Tel\u00e9fono: +595 984 241443<\/strong><\/p>\n\n\n\n<p><strong>Comercial:<\/strong><\/p>\n\n\n\n<p>comercial@alinstante.com.py<\/p>\n\n\n\n<p><strong>Contacto:<\/strong><\/p>\n\n\n\n<p>contacto@alinstante.com.py<\/p>\n","protected":false},"excerpt":{"rendered":"<p>RED UNO PARAGUAY Edmundo Ram\u00edrez 018 &#8211; Lambar\u00e9 Tel\u00e9fono: +595 984 241443 Comercial: comercial@alinstante.com.py Contacto:&#8230;<\/p>\n","protected":false},"author":1,"featured_media":0,"parent":0,"menu_order":0,"comment_status":"closed","ping_status":"closed","template":"","meta":{"footnotes":""},"class_list":["post-67","page","type-page","status-publish","hentry"],"jetpack-related-posts":[],"jetpack_sharing_enabled":true,"_links":{"self":[{"href":"https:\/\/alinstante.com.py\/index.php?rest_route=\/wp\/v2\/pages\/67","targetHints":{"allow":["GET"]}}],"collection":[{"href":"https:\/\/alinstante.com.py\/index.php?rest_route=\/wp\/v2\/pages"}],"about":[{"href":"https:\/\/alinstante.com.py\/index.php?rest_route=\/wp\/v2\/types\/page"}],"author":[{"embeddable":true,"href":"https:\/\/alinstante.com.py\/index.php?rest_route=\/wp\/v2\/users\/1"}],"replies":[{"embeddable":true,"href":"https:\/\/alinstante.com.py\/index.php?rest_route=%2Fwp%2Fv2%2Fcomments&post=67"}],"version-history":[{"count":1,"href":"https:\/\/alinstante.com.py\/index.php?rest_route=\/wp\/v2\/pages\/67\/revisions"}],"predecessor-version":[{"id":68,"href":"https:\/\/alinstante.com.py\/index.php?rest_route=\/wp\/v2\/pages\/67\/revisions\/68"}],"wp:attachment":[{"href":"https:\/\/alinstante.com.py\/index.php?rest_route=%2Fwp%2Fv2%2Fmedia&parent=67"}],"curies":[{"name":"wp","href":"https:\/\/api.w.org\/{rel}","templated":true}]}}